{"id":1486,"date":"2024-08-26T16:56:25","date_gmt":"2024-08-26T14:56:25","guid":{"rendered":"https:\/\/boitsfortfunerailles.be\/?post_type=product&#038;p=1486"},"modified":"2026-04-15T12:58:06","modified_gmt":"2026-04-15T10:58:06","slug":"coussin-allonge-orange-avec-orchidees","status":"publish","type":"product","link":"https:\/\/boitsfortfunerailles.be\/index.php\/produit\/coussin-allonge-orange-avec-orchidees\/","title":{"rendered":"Coussin allong\u00e9 orange avec orchid\u00e9es (D09)"},"content":{"rendered":"<p>Coussin allong\u00e9 avec orchid\u00e9es<\/p>\n","protected":false},"excerpt":{"rendered":"<p>Coussin allong\u00e9 avec orchid\u00e9es<\/p>\n","protected":false},"featured_media":2750,"template":"","meta":{"inline_featured_image":false,"_monsterinsights_skip_tracking":false,"_monsterinsights_sitenote_active":false,"_monsterinsights_sitenote_note":"","_monsterinsights_sitenote_category":0},"product_brand":[],"product_cat":[29],"product_tag":[],"class_list":{"0":"post-1486","1":"product","2":"type-product","3":"status-publish","4":"has-post-thumbnail","6":"product_cat-non-classe","8":"first","9":"instock","10":"taxable","11":"shipping-taxable","12":"purchasable","13":"product-type-simple"},"aioseo_notices":[],"_links":{"self":[{"href":"https:\/\/boitsfortfunerailles.be\/index.php\/wp-json\/wp\/v2\/product\/1486","targetHints":{"allow":["GET"]}}],"collection":[{"href":"https:\/\/boitsfortfunerailles.be\/index.php\/wp-json\/wp\/v2\/product"}],"about":[{"href":"https:\/\/boitsfortfunerailles.be\/index.php\/wp-json\/wp\/v2\/types\/product"}],"wp:featuredmedia":[{"embeddable":true,"href":"https:\/\/boitsfortfunerailles.be\/index.php\/wp-json\/wp\/v2\/media\/2750"}],"wp:attachment":[{"href":"https:\/\/boitsfortfunerailles.be\/index.php\/wp-json\/wp\/v2\/media?parent=1486"}],"wp:term":[{"taxonomy":"product_brand","embeddable":true,"href":"https:\/\/boitsfortfunerailles.be\/index.php\/wp-json\/wp\/v2\/product_brand?post=1486"},{"taxonomy":"product_cat","embeddable":true,"href":"https:\/\/boitsfortfunerailles.be\/index.php\/wp-json\/wp\/v2\/product_cat?post=1486"},{"taxonomy":"product_tag","embeddable":true,"href":"https:\/\/boitsfortfunerailles.be\/index.php\/wp-json\/wp\/v2\/product_tag?post=1486"}],"curies":[{"name":"wp","href":"https:\/\/api.w.org\/{rel}","templated":true}]}}