{"id":1488,"date":"2024-08-26T16:59:17","date_gmt":"2024-08-26T14:59:17","guid":{"rendered":"https:\/\/boitsfortfunerailles.be\/?post_type=product&#038;p=1488"},"modified":"2026-04-15T13:10:01","modified_gmt":"2026-04-15T11:10:01","slug":"coussin-avec-jetee-dun-cote","status":"publish","type":"product","link":"https:\/\/boitsfortfunerailles.be\/index.php\/produit\/coussin-avec-jetee-dun-cote\/","title":{"rendered":"Coussin allong\u00e9 couleur pastel avec jet\u00e9e d&rsquo;un c\u00f4t\u00e9 (D02)"},"content":{"rendered":"<p>Coussin allong\u00e9 couleurs pastels avec jet\u00e9e sur un cot\u00e9.<\/p>\n","protected":false},"excerpt":{"rendered":"<p>Coussin de fleurs couleur pastel avec jet\u00e9e sur un cot\u00e9.<\/p>\n","protected":false},"featured_media":2753,"template":"","meta":{"inline_featured_image":false,"_monsterinsights_skip_tracking":false,"_monsterinsights_sitenote_active":false,"_monsterinsights_sitenote_note":"","_monsterinsights_sitenote_category":0},"product_brand":[],"product_cat":[29],"product_tag":[],"class_list":{"0":"post-1488","1":"product","2":"type-product","3":"status-publish","4":"has-post-thumbnail","6":"product_cat-non-classe","8":"first","9":"instock","10":"taxable","11":"shipping-taxable","12":"purchasable","13":"product-type-simple"},"aioseo_notices":[],"_links":{"self":[{"href":"https:\/\/boitsfortfunerailles.be\/index.php\/wp-json\/wp\/v2\/product\/1488","targetHints":{"allow":["GET"]}}],"collection":[{"href":"https:\/\/boitsfortfunerailles.be\/index.php\/wp-json\/wp\/v2\/product"}],"about":[{"href":"https:\/\/boitsfortfunerailles.be\/index.php\/wp-json\/wp\/v2\/types\/product"}],"wp:featuredmedia":[{"embeddable":true,"href":"https:\/\/boitsfortfunerailles.be\/index.php\/wp-json\/wp\/v2\/media\/2753"}],"wp:attachment":[{"href":"https:\/\/boitsfortfunerailles.be\/index.php\/wp-json\/wp\/v2\/media?parent=1488"}],"wp:term":[{"taxonomy":"product_brand","embeddable":true,"href":"https:\/\/boitsfortfunerailles.be\/index.php\/wp-json\/wp\/v2\/product_brand?post=1488"},{"taxonomy":"product_cat","embeddable":true,"href":"https:\/\/boitsfortfunerailles.be\/index.php\/wp-json\/wp\/v2\/product_cat?post=1488"},{"taxonomy":"product_tag","embeddable":true,"href":"https:\/\/boitsfortfunerailles.be\/index.php\/wp-json\/wp\/v2\/product_tag?post=1488"}],"curies":[{"name":"wp","href":"https:\/\/api.w.org\/{rel}","templated":true}]}}