{"id":2762,"date":"2026-04-16T15:19:17","date_gmt":"2026-04-16T13:19:17","guid":{"rendered":"https:\/\/boitsfortfunerailles.be\/?post_type=product&#038;p=2762"},"modified":"2026-04-16T15:21:17","modified_gmt":"2026-04-16T13:21:17","slug":"coussin-grand-coussin-d12","status":"publish","type":"product","link":"https:\/\/boitsfortfunerailles.be\/index.php\/produit\/coussin-grand-coussin-d12\/","title":{"rendered":"Grand coussin champ\u00eatre color\u00e9 (D12)"},"content":{"rendered":"<p>Grand coussin champ\u00eatre color\u00e9<\/p>\n","protected":false},"excerpt":{"rendered":"<p>Couvre cercueil de couleurs blanches de 120 cm<\/p>\n","protected":false},"featured_media":2763,"template":"","meta":{"inline_featured_image":false,"_monsterinsights_skip_tracking":false,"_monsterinsights_sitenote_active":false,"_monsterinsights_sitenote_note":"","_monsterinsights_sitenote_category":0},"product_brand":[],"product_cat":[29],"product_tag":[],"class_list":{"0":"post-2762","1":"product","2":"type-product","3":"status-publish","4":"has-post-thumbnail","6":"product_cat-non-classe","8":"first","9":"instock","10":"taxable","11":"shipping-taxable","12":"purchasable","13":"product-type-simple"},"aioseo_notices":[],"_links":{"self":[{"href":"https:\/\/boitsfortfunerailles.be\/index.php\/wp-json\/wp\/v2\/product\/2762","targetHints":{"allow":["GET"]}}],"collection":[{"href":"https:\/\/boitsfortfunerailles.be\/index.php\/wp-json\/wp\/v2\/product"}],"about":[{"href":"https:\/\/boitsfortfunerailles.be\/index.php\/wp-json\/wp\/v2\/types\/product"}],"wp:featuredmedia":[{"embeddable":true,"href":"https:\/\/boitsfortfunerailles.be\/index.php\/wp-json\/wp\/v2\/media\/2763"}],"wp:attachment":[{"href":"https:\/\/boitsfortfunerailles.be\/index.php\/wp-json\/wp\/v2\/media?parent=2762"}],"wp:term":[{"taxonomy":"product_brand","embeddable":true,"href":"https:\/\/boitsfortfunerailles.be\/index.php\/wp-json\/wp\/v2\/product_brand?post=2762"},{"taxonomy":"product_cat","embeddable":true,"href":"https:\/\/boitsfortfunerailles.be\/index.php\/wp-json\/wp\/v2\/product_cat?post=2762"},{"taxonomy":"product_tag","embeddable":true,"href":"https:\/\/boitsfortfunerailles.be\/index.php\/wp-json\/wp\/v2\/product_tag?post=2762"}],"curies":[{"name":"wp","href":"https:\/\/api.w.org\/{rel}","templated":true}]}}